{"id":49,"date":"2024-06-13T06:54:03","date_gmt":"2024-06-13T06:54:03","guid":{"rendered":"https:\/\/mosquitonero.it\/?page_id=49"},"modified":"2025-02-26T08:45:30","modified_gmt":"2025-02-26T08:45:30","slug":"chi-sono-mosquitonero","status":"publish","type":"page","link":"https:\/\/mosquitonero.it\/index.php\/chi-sono-mosquitonero\/","title":{"rendered":"Chi sono"},"content":{"rendered":"\n<hr class=\"wp-block-separator has-alpha-channel-opacity\"\/>\n\n\n\n<h3 class=\"wp-block-heading\">Chi sono<\/h3>\n\n\n\n<figure class=\"wp-block-image aligncenter size-full is-resized\"><img loading=\"lazy\" decoding=\"async\" width=\"744\" height=\"744\" src=\"https:\/\/mosquitonero.it\/wp-content\/uploads\/2024\/06\/profilo.jpg\" alt=\"Mosquitonero\" class=\"wp-image-55\" style=\"width:128px;height:auto\" srcset=\"https:\/\/mosquitonero.it\/wp-content\/uploads\/2024\/06\/profilo.jpg 744w, https:\/\/mosquitonero.it\/wp-content\/uploads\/2024\/06\/profilo-300x300.jpg 300w, https:\/\/mosquitonero.it\/wp-content\/uploads\/2024\/06\/profilo-150x150.jpg 150w\" sizes=\"auto, (max-width: 744px) 100vw, 744px\" \/><\/figure>\n\n\n\n<p>Ciao! Sono Luana, un\u2019artigiana appassionata di creativit\u00e0 e sperimentazione. La mia specialit\u00e0 \u00e8 la creazione di bracciali unici utilizzando pietre preziose e la raffinata tecnica del macram\u00e8. Ogni mio pezzo \u00e8 un&#8217;opera d&#8217;arte personalizzata, pensata per rispecchiare la personalit\u00e0 e i desideri di chi lo indossa.<\/p>\n\n\n\n<p>Fin da piccola, ho sempre avuto una forte inclinazione verso l\u2019arte e il fai-da-te. Ho esplorato diverse tecniche e materiali, scoprendo nel macram\u00e8 il mezzo perfetto per esprimere la mia creativit\u00e0. Lavorare con le pietre preziose mi permette di coniugare la bellezza naturale dei materiali con l\u2019eleganza delle forme intrecciate.<\/p>\n\n\n\n<figure class=\"wp-block-image size-full is-resized\"><img loading=\"lazy\" decoding=\"async\" width=\"958\" height=\"356\" src=\"https:\/\/mosquitonero.it\/wp-content\/uploads\/2024\/06\/head1.jpg\" alt=\"Pacchetto bracciale\" class=\"wp-image-57\" style=\"width:571px;height:auto\" srcset=\"https:\/\/mosquitonero.it\/wp-content\/uploads\/2024\/06\/head1.jpg 958w, https:\/\/mosquitonero.it\/wp-content\/uploads\/2024\/06\/head1-300x111.jpg 300w, https:\/\/mosquitonero.it\/wp-content\/uploads\/2024\/06\/head1-768x285.jpg 768w\" sizes=\"auto, (max-width: 958px) 100vw, 958px\" \/><\/figure>\n\n\n\n<p>La mia curiosit\u00e0 e la voglia di imparare mi spingono a sperimentare continuamente nuove tecniche e stili. Questo approccio mi permette di innovare costantemente le mie creazioni, rendendo ogni bracciale un pezzo unico e irripetibile.<\/p>\n\n\n\n<figure class=\"wp-block-image aligncenter size-full is-resized\"><img loading=\"lazy\" decoding=\"async\" width=\"386\" height=\"290\" src=\"https:\/\/mosquitonero.it\/wp-content\/uploads\/2024\/06\/mosquitonero-studio344444.jpg\" alt=\"Lavorazione bracciale\" class=\"wp-image-56\" style=\"width:518px;height:auto\" srcset=\"https:\/\/mosquitonero.it\/wp-content\/uploads\/2024\/06\/mosquitonero-studio344444.jpg 386w, https:\/\/mosquitonero.it\/wp-content\/uploads\/2024\/06\/mosquitonero-studio344444-300x225.jpg 300w\" sizes=\"auto, (max-width: 386px) 100vw, 386px\" \/><\/figure>\n\n\n\n<p>Oltre all&#8217;artigianato, ho una grande passione per i gatti, che mi tengono compagnia e ispirano con la loro grazia e indipendenza. Inoltre, dedico parte del mio tempo libero alla cura del verde: il giardinaggio mi rilassa e mi offre una connessione profonda con la natura, che si riflette anche nelle mie creazioni.<\/p>\n\n\n\n<p>Spero che i miei bracciali possano portare un tocco di bellezza e gioia nella tua vita, cos\u00ec come creare li porta nella mia. Grazie per aver visitato il mio sito e per l\u2019interesse nei confronti delle mie opere.<\/p>\n\n\n\n<p>Con affetto,<\/p>\n\n\n\n<p>Luana<\/p>\n","protected":false},"excerpt":{"rendered":"<p>Chi sono Ciao! Sono Luana, un\u2019artigiana appassionata di creativit\u00e0 e sperimentazione. La mia specialit\u00e0 \u00e8 la creazione di bracciali unici utilizzando pietre preziose e la raffinata tecnica del macram\u00e8. Ogni mio pezzo \u00e8 un&#8217;opera d&#8217;arte personalizzata, pensata per rispecchiare la personalit\u00e0 e i desideri di chi lo indossa. Fin da piccola, ho sempre avuto una [&hellip;]<\/p>\n","protected":false},"author":3,"featured_media":0,"parent":0,"menu_order":2,"comment_status":"closed","ping_status":"closed","template":"","meta":{"footnotes":""},"class_list":["post-49","page","type-page","status-publish","hentry"],"yoast_head":"<!-- This site is optimized with the Yoast SEO plugin v24.5 - https:\/\/yoast.com\/wordpress\/plugins\/seo\/ -->\n<title>Bracciali e Collane da uomo donna Artigianali - Mosquitonero<\/title>\n<meta name=\"description\" content=\"Scopri Mosquitonero: bracciali artigianali unici realizzati con pietre naturali come labradorite, diaspro, agata e granato.\" \/>\n<meta name=\"robots\" content=\"index, follow, max-snippet:-1, max-image-preview:large, max-video-preview:-1\" \/>\n<link rel=\"canonical\" href=\"https:\/\/mosquitonero.it\/index.php\/chi-sono-mosquitonero\/\" \/>\n<meta property=\"og:locale\" content=\"it_IT\" \/>\n<meta property=\"og:type\" content=\"article\" \/>\n<meta property=\"og:title\" content=\"Bracciali e Collane da uomo donna Artigianali - Mosquitonero\" \/>\n<meta property=\"og:description\" content=\"Scopri Mosquitonero: bracciali artigianali unici realizzati con pietre naturali come labradorite, diaspro, agata e granato.\" \/>\n<meta property=\"og:url\" content=\"https:\/\/mosquitonero.it\/index.php\/chi-sono-mosquitonero\/\" \/>\n<meta property=\"article:modified_time\" content=\"2025-02-26T08:45:30+00:00\" \/>\n<meta property=\"og:image\" content=\"https:\/\/mosquitonero.it\/wp-content\/uploads\/2024\/06\/profilo.jpg\" \/>\n\t<meta property=\"og:image:width\" content=\"744\" \/>\n\t<meta property=\"og:image:height\" content=\"744\" \/>\n\t<meta property=\"og:image:type\" content=\"image\/jpeg\" \/>\n<meta name=\"twitter:card\" content=\"summary_large_image\" \/>\n<meta name=\"twitter:label1\" content=\"Tempo di lettura stimato\" \/>\n\t<meta name=\"twitter:data1\" content=\"2 minuti\" \/>\n<script type=\"application\/ld+json\" class=\"yoast-schema-graph\">{\"@context\":\"https:\/\/schema.org\",\"@graph\":[{\"@type\":\"WebPage\",\"@id\":\"https:\/\/mosquitonero.it\/index.php\/chi-sono-mosquitonero\/\",\"url\":\"https:\/\/mosquitonero.it\/index.php\/chi-sono-mosquitonero\/\",\"name\":\"Bracciali e Collane da uomo donna Artigianali - Mosquitonero\",\"isPartOf\":{\"@id\":\"https:\/\/mosquitonero.it\/#website\"},\"primaryImageOfPage\":{\"@id\":\"https:\/\/mosquitonero.it\/index.php\/chi-sono-mosquitonero\/#primaryimage\"},\"image\":{\"@id\":\"https:\/\/mosquitonero.it\/index.php\/chi-sono-mosquitonero\/#primaryimage\"},\"thumbnailUrl\":\"https:\/\/mosquitonero.it\/wp-content\/uploads\/2024\/06\/profilo.jpg\",\"datePublished\":\"2024-06-13T06:54:03+00:00\",\"dateModified\":\"2025-02-26T08:45:30+00:00\",\"description\":\"Scopri Mosquitonero: bracciali artigianali unici realizzati con pietre naturali come labradorite, diaspro, agata e granato.\",\"breadcrumb\":{\"@id\":\"https:\/\/mosquitonero.it\/index.php\/chi-sono-mosquitonero\/#breadcrumb\"},\"inLanguage\":\"it-IT\",\"potentialAction\":[{\"@type\":\"ReadAction\",\"target\":[\"https:\/\/mosquitonero.it\/index.php\/chi-sono-mosquitonero\/\"]}]},{\"@type\":\"ImageObject\",\"inLanguage\":\"it-IT\",\"@id\":\"https:\/\/mosquitonero.it\/index.php\/chi-sono-mosquitonero\/#primaryimage\",\"url\":\"https:\/\/mosquitonero.it\/wp-content\/uploads\/2024\/06\/profilo.jpg\",\"contentUrl\":\"https:\/\/mosquitonero.it\/wp-content\/uploads\/2024\/06\/profilo.jpg\",\"width\":744,\"height\":744},{\"@type\":\"BreadcrumbList\",\"@id\":\"https:\/\/mosquitonero.it\/index.php\/chi-sono-mosquitonero\/#breadcrumb\",\"itemListElement\":[{\"@type\":\"ListItem\",\"position\":1,\"name\":\"Home\",\"item\":\"https:\/\/mosquitonero.it\/\"},{\"@type\":\"ListItem\",\"position\":2,\"name\":\"Chi sono\"}]},{\"@type\":\"WebSite\",\"@id\":\"https:\/\/mosquitonero.it\/#website\",\"url\":\"https:\/\/mosquitonero.it\/\",\"name\":\"Mosquitonero\",\"description\":\"Bracciali e collane artigianali su misura fatti in Italia\",\"publisher\":{\"@id\":\"https:\/\/mosquitonero.it\/#\/schema\/person\/34f51083ba1087c515796ca6b1f4b06c\"},\"potentialAction\":[{\"@type\":\"SearchAction\",\"target\":{\"@type\":\"EntryPoint\",\"urlTemplate\":\"https:\/\/mosquitonero.it\/?s={search_term_string}\"},\"query-input\":{\"@type\":\"PropertyValueSpecification\",\"valueRequired\":true,\"valueName\":\"search_term_string\"}}],\"inLanguage\":\"it-IT\"},{\"@type\":[\"Person\",\"Organization\"],\"@id\":\"https:\/\/mosquitonero.it\/#\/schema\/person\/34f51083ba1087c515796ca6b1f4b06c\",\"name\":\"gestione\",\"image\":{\"@type\":\"ImageObject\",\"inLanguage\":\"it-IT\",\"@id\":\"https:\/\/mosquitonero.it\/#\/schema\/person\/image\/\",\"url\":\"https:\/\/mosquitonero.it\/wp-content\/uploads\/2025\/02\/LO-piccolo.jpg\",\"contentUrl\":\"https:\/\/mosquitonero.it\/wp-content\/uploads\/2025\/02\/LO-piccolo.jpg\",\"width\":250,\"height\":250,\"caption\":\"gestione\"},\"logo\":{\"@id\":\"https:\/\/mosquitonero.it\/#\/schema\/person\/image\/\"}}]}<\/script>\n<!-- \/ Yoast SEO plugin. -->","yoast_head_json":{"title":"Bracciali e Collane da uomo donna Artigianali - Mosquitonero","description":"Scopri Mosquitonero: bracciali artigianali unici realizzati con pietre naturali come labradorite, diaspro, agata e granato.","robots":{"index":"index","follow":"follow","max-snippet":"max-snippet:-1","max-image-preview":"max-image-preview:large","max-video-preview":"max-video-preview:-1"},"canonical":"https:\/\/mosquitonero.it\/index.php\/chi-sono-mosquitonero\/","og_locale":"it_IT","og_type":"article","og_title":"Bracciali e Collane da uomo donna Artigianali - Mosquitonero","og_description":"Scopri Mosquitonero: bracciali artigianali unici realizzati con pietre naturali come labradorite, diaspro, agata e granato.","og_url":"https:\/\/mosquitonero.it\/index.php\/chi-sono-mosquitonero\/","article_modified_time":"2025-02-26T08:45:30+00:00","og_image":[{"width":744,"height":744,"url":"https:\/\/mosquitonero.it\/wp-content\/uploads\/2024\/06\/profilo.jpg","type":"image\/jpeg"}],"twitter_card":"summary_large_image","twitter_misc":{"Tempo di lettura stimato":"2 minuti"},"schema":{"@context":"https:\/\/schema.org","@graph":[{"@type":"WebPage","@id":"https:\/\/mosquitonero.it\/index.php\/chi-sono-mosquitonero\/","url":"https:\/\/mosquitonero.it\/index.php\/chi-sono-mosquitonero\/","name":"Bracciali e Collane da uomo donna Artigianali - Mosquitonero","isPartOf":{"@id":"https:\/\/mosquitonero.it\/#website"},"primaryImageOfPage":{"@id":"https:\/\/mosquitonero.it\/index.php\/chi-sono-mosquitonero\/#primaryimage"},"image":{"@id":"https:\/\/mosquitonero.it\/index.php\/chi-sono-mosquitonero\/#primaryimage"},"thumbnailUrl":"https:\/\/mosquitonero.it\/wp-content\/uploads\/2024\/06\/profilo.jpg","datePublished":"2024-06-13T06:54:03+00:00","dateModified":"2025-02-26T08:45:30+00:00","description":"Scopri Mosquitonero: bracciali artigianali unici realizzati con pietre naturali come labradorite, diaspro, agata e granato.","breadcrumb":{"@id":"https:\/\/mosquitonero.it\/index.php\/chi-sono-mosquitonero\/#breadcrumb"},"inLanguage":"it-IT","potentialAction":[{"@type":"ReadAction","target":["https:\/\/mosquitonero.it\/index.php\/chi-sono-mosquitonero\/"]}]},{"@type":"ImageObject","inLanguage":"it-IT","@id":"https:\/\/mosquitonero.it\/index.php\/chi-sono-mosquitonero\/#primaryimage","url":"https:\/\/mosquitonero.it\/wp-content\/uploads\/2024\/06\/profilo.jpg","contentUrl":"https:\/\/mosquitonero.it\/wp-content\/uploads\/2024\/06\/profilo.jpg","width":744,"height":744},{"@type":"BreadcrumbList","@id":"https:\/\/mosquitonero.it\/index.php\/chi-sono-mosquitonero\/#breadcrumb","itemListElement":[{"@type":"ListItem","position":1,"name":"Home","item":"https:\/\/mosquitonero.it\/"},{"@type":"ListItem","position":2,"name":"Chi sono"}]},{"@type":"WebSite","@id":"https:\/\/mosquitonero.it\/#website","url":"https:\/\/mosquitonero.it\/","name":"Mosquitonero","description":"Bracciali e collane artigianali su misura fatti in Italia","publisher":{"@id":"https:\/\/mosquitonero.it\/#\/schema\/person\/34f51083ba1087c515796ca6b1f4b06c"},"potentialAction":[{"@type":"SearchAction","target":{"@type":"EntryPoint","urlTemplate":"https:\/\/mosquitonero.it\/?s={search_term_string}"},"query-input":{"@type":"PropertyValueSpecification","valueRequired":true,"valueName":"search_term_string"}}],"inLanguage":"it-IT"},{"@type":["Person","Organization"],"@id":"https:\/\/mosquitonero.it\/#\/schema\/person\/34f51083ba1087c515796ca6b1f4b06c","name":"gestione","image":{"@type":"ImageObject","inLanguage":"it-IT","@id":"https:\/\/mosquitonero.it\/#\/schema\/person\/image\/","url":"https:\/\/mosquitonero.it\/wp-content\/uploads\/2025\/02\/LO-piccolo.jpg","contentUrl":"https:\/\/mosquitonero.it\/wp-content\/uploads\/2025\/02\/LO-piccolo.jpg","width":250,"height":250,"caption":"gestione"},"logo":{"@id":"https:\/\/mosquitonero.it\/#\/schema\/person\/image\/"}}]}},"_links":{"self":[{"href":"https:\/\/mosquitonero.it\/index.php\/wp-json\/wp\/v2\/pages\/49","targetHints":{"allow":["GET"]}}],"collection":[{"href":"https:\/\/mosquitonero.it\/index.php\/wp-json\/wp\/v2\/pages"}],"about":[{"href":"https:\/\/mosquitonero.it\/index.php\/wp-json\/wp\/v2\/types\/page"}],"author":[{"embeddable":true,"href":"https:\/\/mosquitonero.it\/index.php\/wp-json\/wp\/v2\/users\/3"}],"replies":[{"embeddable":true,"href":"https:\/\/mosquitonero.it\/index.php\/wp-json\/wp\/v2\/comments?post=49"}],"version-history":[{"count":3,"href":"https:\/\/mosquitonero.it\/index.php\/wp-json\/wp\/v2\/pages\/49\/revisions"}],"predecessor-version":[{"id":60,"href":"https:\/\/mosquitonero.it\/index.php\/wp-json\/wp\/v2\/pages\/49\/revisions\/60"}],"wp:attachment":[{"href":"https:\/\/mosquitonero.it\/index.php\/wp-json\/wp\/v2\/media?parent=49"}],"curies":[{"name":"wp","href":"https:\/\/api.w.org\/{rel}","templated":true}]}}